{"id":6370,"date":"2026-02-26T11:41:01","date_gmt":"2026-02-26T10:41:01","guid":{"rendered":"https:\/\/topline-italia.com\/download-free\/"},"modified":"2026-03-06T08:36:11","modified_gmt":"2026-03-06T07:36:11","slug":"download-free","status":"publish","type":"page","link":"https:\/\/topline-italia.com\/en\/download-free\/","title":{"rendered":"Download free"},"content":{"rendered":"\t\t<div data-elementor-type=\"wp-page\" data-elementor-id=\"6370\" class=\"elementor elementor-6370 elementor-6356\" data-elementor-post-type=\"page\">\n\t\t\t\t<div class=\"elementor-element elementor-element-51d0325 e-flex e-con-boxed e-con e-parent\" data-id=\"51d0325\" data-element_type=\"container\" data-e-type=\"container\">\n\t\t\t\t\t<div class=\"e-con-inner\">\n\t\t<div class=\"elementor-element elementor-element-ed09aaf e-con-full e-flex e-con e-child\" data-id=\"ed09aaf\" data-element_type=\"container\" data-e-type=\"container\">\n\t\t\t\t<div class=\"elementor-element elementor-element-614641d elementor-widget elementor-widget-heading\" data-id=\"614641d\" data-element_type=\"widget\" data-e-type=\"widget\" data-widget_type=\"heading.default\">\n\t\t\t\t<div class=\"elementor-widget-container\">\n\t\t\t\t\t<h1 class=\"elementor-heading-title elementor-size-default\">Download<\/h1>\t\t\t\t<\/div>\n\t\t\t\t<\/div>\n\t\t\t\t<div class=\"elementor-element elementor-element-1dae2bf elementor-widget elementor-widget-image\" data-id=\"1dae2bf\" data-element_type=\"widget\" data-e-type=\"widget\" data-widget_type=\"image.default\">\n\t\t\t\t<div class=\"elementor-widget-container\">\n\t\t\t\t\t\t\t\t\t\t\t\t\t\t\t\t<a href=\"#elementor-action%3Aaction%3Doff_canvas%3Aopen%26settings%3DeyJpZCI6IjNlM2EzNDYiLCJkaXNwbGF5TW9kZSI6Im9wZW4ifQ%3D%3D\">\n\t\t\t\t\t\t\t<img fetchpriority=\"high\" decoding=\"async\" width=\"800\" height=\"525\" src=\"https:\/\/topline-italia.com\/wp-content\/uploads\/2026\/02\/News-catalogo_3_Header-2-2-1024x672.jpg\" class=\"attachment-large size-large wp-image-5647\" alt=\"\" srcset=\"https:\/\/topline-italia.com\/wp-content\/uploads\/2026\/02\/News-catalogo_3_Header-2-2-1024x672.jpg 1024w, https:\/\/topline-italia.com\/wp-content\/uploads\/2026\/02\/News-catalogo_3_Header-2-2-300x197.jpg 300w, https:\/\/topline-italia.com\/wp-content\/uploads\/2026\/02\/News-catalogo_3_Header-2-2-768x504.jpg 768w, https:\/\/topline-italia.com\/wp-content\/uploads\/2026\/02\/News-catalogo_3_Header-2-2-1536x1008.jpg 1536w, https:\/\/topline-italia.com\/wp-content\/uploads\/2026\/02\/News-catalogo_3_Header-2-2-600x394.jpg 600w, https:\/\/topline-italia.com\/wp-content\/uploads\/2026\/02\/News-catalogo_3_Header-2-2.jpg 1640w\" sizes=\"(max-width: 800px) 100vw, 800px\" \/>\t\t\t\t\t\t\t\t<\/a>\n\t\t\t\t\t\t\t\t\t\t\t\t\t\t\t<\/div>\n\t\t\t\t<\/div>\n\t\t\t\t<div class=\"elementor-element elementor-element-392cef4 elementor-align-center elementor-widget elementor-widget-button\" data-id=\"392cef4\" data-element_type=\"widget\" data-e-type=\"widget\" data-widget_type=\"button.default\">\n\t\t\t\t<div class=\"elementor-widget-container\">\n\t\t\t\t\t\t\t\t\t<div class=\"elementor-button-wrapper\">\n\t\t\t\t\t<a class=\"elementor-button elementor-button-link elementor-size-sm\" href=\"#elementor-action%3Aaction%3Doff_canvas%3Aopen%26settings%3DeyJpZCI6IjNlM2EzNDYiLCJkaXNwbGF5TW9kZSI6Im9wZW4ifQ%3D%3D\" target=\"_blank\">\n\t\t\t\t\t\t<span class=\"elementor-button-content-wrapper\">\n\t\t\t\t\t\t<span class=\"elementor-button-icon\">\n\t\t\t\t<i aria-hidden=\"true\" class=\"fas fa-arrows-alt-h\"><\/i>\t\t\t<\/span>\n\t\t\t\t\t\t\t\t\t<span class=\"elementor-button-text\">FLIP CATALOG<\/span>\n\t\t\t\t\t<\/span>\n\t\t\t\t\t<\/a>\n\t\t\t\t<\/div>\n\t\t\t\t\t\t\t\t<\/div>\n\t\t\t\t<\/div>\n\t\t\t\t<div class=\"elementor-element elementor-element-f789eb4 elementor-widget elementor-widget-text-editor\" data-id=\"f789eb4\" data-element_type=\"widget\" data-e-type=\"widget\" data-widget_type=\"text-editor.default\">\n\t\t\t\t<div class=\"elementor-widget-container\">\n\t\t\t\t\t\t\t\t\t<p>Download the current catalogue (PDF)<\/p>\n\t\t\t\t\t\t\t\t<\/div>\n\t\t\t\t<\/div>\n\t\t\t\t<div class=\"elementor-element elementor-element-06d6860 elementor-align-center elementor-widget elementor-widget-button\" data-id=\"06d6860\" data-element_type=\"widget\" data-e-type=\"widget\" data-widget_type=\"button.default\">\n\t\t\t\t<div class=\"elementor-widget-container\">\n\t\t\t\t\t\t\t\t\t<div class=\"elementor-button-wrapper\">\n\t\t\t\t\t<a class=\"elementor-button elementor-button-link elementor-size-sm\" href=\"https:\/\/topline-italia.com\/wp-content\/uploads\/2026\/02\/Catalogue-TopLine-2026.pdf\" target=\"_blank\">\n\t\t\t\t\t\t<span class=\"elementor-button-content-wrapper\">\n\t\t\t\t\t\t<span class=\"elementor-button-icon\">\n\t\t\t\t<i aria-hidden=\"true\" class=\"fas fa-download\"><\/i>\t\t\t<\/span>\n\t\t\t\t\t\t\t\t\t<span class=\"elementor-button-text\">DOWNLOAD<\/span>\n\t\t\t\t\t<\/span>\n\t\t\t\t\t<\/a>\n\t\t\t\t<\/div>\n\t\t\t\t\t\t\t\t<\/div>\n\t\t\t\t<\/div>\n\t\t\t\t<\/div>\n\t\t\t\t\t<\/div>\n\t\t\t\t<\/div>\n\t\t<div class=\"elementor-element elementor-element-0dca646 e-flex e-con-boxed e-con e-parent\" data-id=\"0dca646\" data-element_type=\"container\" data-e-type=\"container\">\n\t\t\t\t\t<div class=\"e-con-inner\">\n\t\t\t\t<div class=\"elementor-element elementor-element-3e3a346 elementor-widget elementor-widget-off-canvas\" data-id=\"3e3a346\" data-element_type=\"widget\" data-e-type=\"widget\" data-settings=\"{&quot;entrance_animation&quot;:&quot;fadeIn&quot;,&quot;exit_animation&quot;:&quot;fadeIn&quot;,&quot;prevent_scroll&quot;:&quot;yes&quot;}\" data-widget_type=\"off-canvas.default\">\n\t\t\t\t<div class=\"elementor-widget-container\">\n\t\t\t\t\t\t\t<div id=\"off-canvas-3e3a346\" class=\"e-off-canvas\" role=\"dialog\" aria-hidden=\"true\" aria-label=\"Off-Canvas\" aria-modal=\"true\" inert=\"\" data-delay-child-handlers=\"true\">\n\t\t\t<div class=\"e-off-canvas__overlay\"><\/div>\n\t\t\t<div class=\"e-off-canvas__main\">\n\t\t\t\t<div class=\"e-off-canvas__content\">\n\t\t\t\t\t<div class=\"elementor-element elementor-element-4dc6638 e-con-full e-flex e-con e-child\" data-id=\"4dc6638\" data-element_type=\"container\" data-e-type=\"container\">\n\t\t\t\t<div class=\"elementor-element elementor-element-42821ca elementor-hidden-tablet elementor-hidden-mobile elementor-widget elementor-widget-html\" data-id=\"42821ca\" data-element_type=\"widget\" data-e-type=\"widget\" data-widget_type=\"html.default\">\n\t\t\t\t<div class=\"elementor-widget-container\">\n\t\t\t\t\t<div style=\"text-align:center;\"><div style=\"margin:8px 0px 4px;\"><a href=\"https:\/\/www.calameo.com\/books\/00817066025fae056403c\" target=\"_blank\" rel=\"noopener\">Catalogue Sfogliabile Top Line 2026<\/a><\/div><iframe src=\"\/\/v.calameo.com\/?bkcode=00817066025fae056403c&mode=mini\" width=\"900\" height=\"600\" frameborder=\"0\" scrolling=\"no\" allowtransparency allowfullscreen style=\"margin:0 auto;\"><\/iframe><div style=\"margin:4px 0px 8px;\"><a href=\"http:\/\/www.calameo.com\/\" target=\"_blank\" rel=\"noopener\">Leggi altre pubblicazioni su Calam\u00e9o<\/a><\/div><\/div>\t\t\t\t<\/div>\n\t\t\t\t<\/div>\n\t\t\t\t<div class=\"elementor-element elementor-element-bf9c06c elementor-hidden-desktop elementor-widget elementor-widget-html\" data-id=\"bf9c06c\" data-element_type=\"widget\" data-e-type=\"widget\" data-widget_type=\"html.default\">\n\t\t\t\t<div class=\"elementor-widget-container\">\n\t\t\t\t\t<div style=\"text-align:center;\"><div style=\"margin:8px 0px 4px;\"><a href=\"https:\/\/www.calameo.com\/books\/00817066025fae056403c\" target=\"_blank\" rel=\"noopener\">Catalogue Sfogliabile Top Line 2026<\/a><\/div><iframe src=\"\/\/v.calameo.com\/?bkcode=00817066025fae056403c&mode=mini\" width=\"700\" height=\"300\" frameborder=\"0\" scrolling=\"no\" allowtransparency allowfullscreen style=\"margin:0 auto;\"><\/iframe><div style=\"margin:4px 0px 8px;\"><a href=\"http:\/\/www.calameo.com\/\" target=\"_blank\" rel=\"noopener\">Leggi altre pubblicazioni su Calam\u00e9o<\/a><\/div><\/div>\t\t\t\t<\/div>\n\t\t\t\t<\/div>\n\t\t\t\t<\/div>\n\t\t\t\t\t\t<\/div>\n\t\t\t<\/div>\n\t\t<\/div>\n\t\t\t\t\t\t<\/div>\n\t\t\t\t<\/div>\n\t\t\t\t\t<\/div>\n\t\t\t\t<\/div>\n\t\t<div class=\"elementor-element elementor-element-3608072 e-flex e-con-boxed e-con e-parent\" data-id=\"3608072\" data-element_type=\"container\" data-e-type=\"container\">\n\t\t\t\t\t<div class=\"e-con-inner\">\n\t\t\t\t<div class=\"elementor-element elementor-element-a9e124b elementor-widget elementor-widget-text-editor\" data-id=\"a9e124b\" data-element_type=\"widget\" data-e-type=\"widget\" data-widget_type=\"text-editor.default\">\n\t\t\t\t<div class=\"elementor-widget-container\">\n\t\t\t\t\t\t\t\t\t<p>To request your password and access the reserved area where you can find 2D\u20133D files and the public price list, please send an email to <strong><a href=\"mailto:topline@topline-italia.com\" target=\"_blank\" rel=\"noopener\">topline@topline-italia.com<\/a><\/strong>.<br \/>If you already have the password,<\/p>\n\t\t\t\t\t\t\t\t<\/div>\n\t\t\t\t<\/div>\n\t\t\t\t<div class=\"elementor-element elementor-element-4890fc5 elementor-align-center elementor-widget elementor-widget-button\" data-id=\"4890fc5\" data-element_type=\"widget\" data-e-type=\"widget\" data-widget_type=\"button.default\">\n\t\t\t\t<div class=\"elementor-widget-container\">\n\t\t\t\t\t\t\t\t\t<div class=\"elementor-button-wrapper\">\n\t\t\t\t\t<a class=\"elementor-button elementor-button-link elementor-size-sm\" href=\"https:\/\/topline-italia.com\/en\/downloads\/\" target=\"_blank\">\n\t\t\t\t\t\t<span class=\"elementor-button-content-wrapper\">\n\t\t\t\t\t\t\t\t\t<span class=\"elementor-button-text\">ACCESS THE RESERVED AREA<\/span>\n\t\t\t\t\t<\/span>\n\t\t\t\t\t<\/a>\n\t\t\t\t<\/div>\n\t\t\t\t\t\t\t\t<\/div>\n\t\t\t\t<\/div>\n\t\t\t\t\t<\/div>\n\t\t\t\t<\/div>\n\t\t\t\t<\/div>\n\t\t","protected":false},"excerpt":{"rendered":"<p>Download FLIP CATALOG Download the current catalogue (PDF) DOWNLOAD Catalogue Sfogliabile Top Line 2026Leggi altre pubblicazioni su Calam\u00e9o Catalogue Sfogliabile Top Line 2026Leggi altre pubblicazioni su Calam\u00e9o Catalogue Sfogliabile Top Line 2026Leggi altre pubblicazioni su Calam\u00e9o Catalogue Sfogliabile Top Line 2026Leggi altre pubblicazioni su Calam\u00e9o To request your password and access the reserved area where [&hellip;]<\/p>\n","protected":false},"author":1,"featured_media":0,"parent":0,"menu_order":0,"comment_status":"closed","ping_status":"closed","template":"","meta":{"footnotes":""},"class_list":["post-6370","page","type-page","status-publish","hentry"],"acf":[],"_links":{"self":[{"href":"https:\/\/topline-italia.com\/en\/wp-json\/wp\/v2\/pages\/6370","targetHints":{"allow":["GET"]}}],"collection":[{"href":"https:\/\/topline-italia.com\/en\/wp-json\/wp\/v2\/pages"}],"about":[{"href":"https:\/\/topline-italia.com\/en\/wp-json\/wp\/v2\/types\/page"}],"author":[{"embeddable":true,"href":"https:\/\/topline-italia.com\/en\/wp-json\/wp\/v2\/users\/1"}],"replies":[{"embeddable":true,"href":"https:\/\/topline-italia.com\/en\/wp-json\/wp\/v2\/comments?post=6370"}],"version-history":[{"count":3,"href":"https:\/\/topline-italia.com\/en\/wp-json\/wp\/v2\/pages\/6370\/revisions"}],"predecessor-version":[{"id":6720,"href":"https:\/\/topline-italia.com\/en\/wp-json\/wp\/v2\/pages\/6370\/revisions\/6720"}],"wp:attachment":[{"href":"https:\/\/topline-italia.com\/en\/wp-json\/wp\/v2\/media?parent=6370"}],"curies":[{"name":"wp","href":"https:\/\/api.w.org\/{rel}","templated":true}]}}